{"id":6875,"date":"2023-07-18T12:38:14","date_gmt":"2023-07-18T10:38:14","guid":{"rendered":"https:\/\/stage.multicam-systems.com\/nouvelles\/"},"modified":"2025-06-27T11:31:34","modified_gmt":"2025-06-27T09:31:34","slug":"nouvelles","status":"publish","type":"page","link":"https:\/\/stage.multicam-systems.com\/fr\/nouvelles\/","title":{"rendered":"NEWS"},"content":{"rendered":"\t\t<div data-elementor-type=\"wp-page\" data-elementor-id=\"6875\" class=\"elementor elementor-6875 elementor-1707\" data-elementor-post-type=\"page\">\n\t\t\t\t<div class=\"has_eae_slider elementor-element elementor-element-34fdf5a e-con-full e-flex e-con e-parent\" data-id=\"34fdf5a\" data-element_type=\"container\" data-settings=\"{&quot;background_background&quot;:&quot;classic&quot;}\">\n\t\t\t\t<div class=\"elementor-element elementor-element-21e5cecf elementor-widget elementor-widget-heading\" data-id=\"21e5cecf\" data-element_type=\"widget\" data-widget_type=\"heading.default\">\n\t\t\t\t<div class=\"elementor-widget-container\">\n\t\t\t\t\t<h2 class=\"elementor-heading-title elementor-size-default\">NEWS, \u00c9TUDES DE CAS ET ARTICLES<\/h2>\t\t\t\t<\/div>\n\t\t\t\t<\/div>\n\t\t\t\t<div class=\"elementor-element elementor-element-892a8bf elementor-widget elementor-widget-text-editor\" data-id=\"892a8bf\" data-element_type=\"widget\" data-widget_type=\"text-editor.default\">\n\t\t\t\t<div class=\"elementor-widget-container\">\n\t\t\t\t\t\t\t\t\t<p>Restez au courant de toutes les derni\u00e8res nouvelles concernant MultiCAM<\/p>\n\t\t\t\t\t\t\t\t<\/div>\n\t\t\t\t<\/div>\n\t\t\t\t<\/div>\n\t\t<div class=\"has_eae_slider elementor-element elementor-element-6646014 e-flex e-con-boxed e-con e-parent\" data-id=\"6646014\" data-element_type=\"container\" data-settings=\"{&quot;background_background&quot;:&quot;classic&quot;}\">\n\t\t\t\t\t<div class=\"e-con-inner\">\n\t\t\t\t<div class=\"elementor-element elementor-element-ad90378 e-n-tabs-mobile elementor-invisible elementor-widget elementor-widget-n-tabs\" data-id=\"ad90378\" data-element_type=\"widget\" data-settings=\"{&quot;_animation&quot;:&quot;fadeIn&quot;,&quot;tabs_justify_horizontal&quot;:&quot;stretch&quot;,&quot;horizontal_scroll&quot;:&quot;disable&quot;}\" data-widget_type=\"nested-tabs.default\">\n\t\t\t\t<div class=\"elementor-widget-container\">\n\t\t\t\t\t\t\t<div class=\"e-n-tabs\" data-widget-number=\"181994360\" aria-label=\"Onglets. Ouvrez des \u00e9l\u00e9ments avec Entrer ou Espace, fermez-les avec Echape et naviguez \u00e0 l&#039;aide des touches fl\u00e9ch\u00e9es.\">\n\t\t\t<div class=\"e-n-tabs-heading\" role=\"tablist\">\n\t\t\t\t\t<button id=\"e-n-tab-title-1819943601\" class=\"e-n-tab-title\" aria-selected=\"true\" data-tab-index=\"1\" role=\"tab\" tabindex=\"0\" aria-controls=\"e-n-tab-content-1819943601\" style=\"--n-tabs-title-order: 1;\">\n\t\t\t\t\t\t<span class=\"e-n-tab-title-text\">\n\t\t\t\tTOUTES LES VID\u00c9OS\t\t\t<\/span>\n\t\t<\/button>\n\t\t\t\t<button id=\"e-n-tab-title-1819943602\" class=\"e-n-tab-title\" aria-selected=\"false\" data-tab-index=\"2\" role=\"tab\" tabindex=\"-1\" aria-controls=\"e-n-tab-content-1819943602\" style=\"--n-tabs-title-order: 2;\">\n\t\t\t\t\t\t<span class=\"e-n-tab-title-text\">\n\t\t\t\tBROADCAST\t\t\t<\/span>\n\t\t<\/button>\n\t\t\t\t\t<\/div>\n\t\t\t<div class=\"e-n-tabs-content\">\n\t\t\t\t<div class=\"has_eae_slider e-active elementor-element elementor-element-6ce6b88 e-con-full e-flex e-con e-child\" id=\"e-n-tab-content-1819943601\" role=\"tabpanel\" aria-labelledby=\"e-n-tab-title-1819943601\" data-tab-index=\"1\" style=\"--n-tabs-title-order: 1;\" data-id=\"6ce6b88\" data-element_type=\"container\">\n\t\t\t\t<\/div>\n\t\t<div class=\"has_eae_slider  elementor-element elementor-element-bdf337e e-con-full e-flex e-con e-child\" id=\"e-n-tab-content-1819943602\" role=\"tabpanel\" aria-labelledby=\"e-n-tab-title-1819943602\" data-tab-index=\"2\" style=\"--n-tabs-title-order: 2;\" data-id=\"bdf337e\" data-element_type=\"container\">\n\t\t\t\t<\/div>\n\t\t\t\t\t<\/div>\n\t\t<\/div>\n\t\t\t\t\t\t<\/div>\n\t\t\t\t<\/div>\n\t\t\t\t\t<\/div>\n\t\t\t\t<\/div>\n\t\t\t\t<\/div>\n\t\t","protected":false},"excerpt":{"rendered":"<p>NEWS, \u00c9TUDES DE CAS ET ARTICLES Restez au courant de toutes les derni\u00e8res nouvelles concernant MultiCAM TOUTES LES VID\u00c9OS BROADCAST multiCAM Systems in Saudi Arabia \u2013 SLS 2025 This May 2025, multiCAM Systems had the privilege of taking part in SLS 2025 (Saudi Light and Sound), a key event for sound, lighting, and audiovisual professionals [&hellip;]<\/p>\n","protected":false},"author":3,"featured_media":0,"parent":0,"menu_order":0,"comment_status":"closed","ping_status":"closed","template":"","meta":{"footnotes":""},"class_list":["post-6875","page","type-page","status-publish","hentry"],"aioseo_notices":[],"_links":{"self":[{"href":"https:\/\/stage.multicam-systems.com\/fr\/wp-json\/wp\/v2\/pages\/6875"}],"collection":[{"href":"https:\/\/stage.multicam-systems.com\/fr\/wp-json\/wp\/v2\/pages"}],"about":[{"href":"https:\/\/stage.multicam-systems.com\/fr\/wp-json\/wp\/v2\/types\/page"}],"author":[{"embeddable":true,"href":"https:\/\/stage.multicam-systems.com\/fr\/wp-json\/wp\/v2\/users\/3"}],"replies":[{"embeddable":true,"href":"https:\/\/stage.multicam-systems.com\/fr\/wp-json\/wp\/v2\/comments?post=6875"}],"version-history":[{"count":5,"href":"https:\/\/stage.multicam-systems.com\/fr\/wp-json\/wp\/v2\/pages\/6875\/revisions"}],"predecessor-version":[{"id":11395,"href":"https:\/\/stage.multicam-systems.com\/fr\/wp-json\/wp\/v2\/pages\/6875\/revisions\/11395"}],"wp:attachment":[{"href":"https:\/\/stage.multicam-systems.com\/fr\/wp-json\/wp\/v2\/media?parent=6875"}],"curies":[{"name":"wp","href":"https:\/\/api.w.org\/{rel}","templated":true}]}}